{"id":1520,"date":"2025-01-20T09:57:08","date_gmt":"2025-01-20T08:57:08","guid":{"rendered":"https:\/\/h2energy.ch\/loesungen-fuer-die-lagerung\/"},"modified":"2026-04-15T15:26:55","modified_gmt":"2026-04-15T13:26:55","slug":"loesungen-fuer-die-lagerung","status":"publish","type":"page","link":"https:\/\/h2energy.ch\/de\/loesungen-fuer-die-lagerung\/","title":{"rendered":"L\u00f6sungen f\u00fcr die Lagerung"},"content":{"rendered":"","protected":false},"excerpt":{"rendered":"<p>Die intelligente Speicherung von gr\u00fcnem Wasserstoff und die Wasserstofflogistik sind der Schl\u00fcssel f\u00fcr die erfolgreiche Umsetzung eines jeden Wasserstoffprojekts, einer jeden Anwendung oder eines jeden \u00d6kosystems.<\/p>\n","protected":false},"author":2,"featured_media":1294,"parent":0,"menu_order":0,"comment_status":"closed","ping_status":"closed","template":"","meta":{"_acf_changed":false,"footnotes":""},"class_list":["post-1520","page","type-page","status-publish","has-post-thumbnail","hentry"],"acf":[],"_links":{"self":[{"href":"https:\/\/h2energy.ch\/de\/wp-json\/wp\/v2\/pages\/1520","targetHints":{"allow":["GET"]}}],"collection":[{"href":"https:\/\/h2energy.ch\/de\/wp-json\/wp\/v2\/pages"}],"about":[{"href":"https:\/\/h2energy.ch\/de\/wp-json\/wp\/v2\/types\/page"}],"author":[{"embeddable":true,"href":"https:\/\/h2energy.ch\/de\/wp-json\/wp\/v2\/users\/2"}],"replies":[{"embeddable":true,"href":"https:\/\/h2energy.ch\/de\/wp-json\/wp\/v2\/comments?post=1520"}],"version-history":[{"count":1,"href":"https:\/\/h2energy.ch\/de\/wp-json\/wp\/v2\/pages\/1520\/revisions"}],"predecessor-version":[{"id":1685,"href":"https:\/\/h2energy.ch\/de\/wp-json\/wp\/v2\/pages\/1520\/revisions\/1685"}],"wp:featuredmedia":[{"embeddable":true,"href":"https:\/\/h2energy.ch\/de\/wp-json\/wp\/v2\/media\/1294"}],"wp:attachment":[{"href":"https:\/\/h2energy.ch\/de\/wp-json\/wp\/v2\/media?parent=1520"}],"curies":[{"name":"wp","href":"https:\/\/api.w.org\/{rel}","templated":true}]}}