{"id":1522,"date":"2025-01-20T09:57:08","date_gmt":"2025-01-20T08:57:08","guid":{"rendered":"https:\/\/h2energy.ch\/solutions-de-stockage\/"},"modified":"2026-04-15T15:25:24","modified_gmt":"2026-04-15T13:25:24","slug":"solutions-de-stockage","status":"publish","type":"page","link":"https:\/\/h2energy.ch\/fr\/solutions-de-stockage\/","title":{"rendered":"Solutions de stockage"},"content":{"rendered":"","protected":false},"excerpt":{"rendered":"<p>Le stockage intelligent de l&#8217;hydrog\u00e8ne vert et la logistique de l&#8217;hydrog\u00e8ne sont essentiels \u00e0 la mise en \u0153uvre r\u00e9ussie de tout projet, application ou \u00e9cosyst\u00e8me li\u00e9s \u00e0 l&#8217;hydrog\u00e8ne.<\/p>\n","protected":false},"author":2,"featured_media":1293,"parent":0,"menu_order":0,"comment_status":"closed","ping_status":"closed","template":"","meta":{"_acf_changed":false,"footnotes":""},"class_list":["post-1522","page","type-page","status-publish","has-post-thumbnail","hentry"],"acf":[],"_links":{"self":[{"href":"https:\/\/h2energy.ch\/fr\/wp-json\/wp\/v2\/pages\/1522","targetHints":{"allow":["GET"]}}],"collection":[{"href":"https:\/\/h2energy.ch\/fr\/wp-json\/wp\/v2\/pages"}],"about":[{"href":"https:\/\/h2energy.ch\/fr\/wp-json\/wp\/v2\/types\/page"}],"author":[{"embeddable":true,"href":"https:\/\/h2energy.ch\/fr\/wp-json\/wp\/v2\/users\/2"}],"replies":[{"embeddable":true,"href":"https:\/\/h2energy.ch\/fr\/wp-json\/wp\/v2\/comments?post=1522"}],"version-history":[{"count":1,"href":"https:\/\/h2energy.ch\/fr\/wp-json\/wp\/v2\/pages\/1522\/revisions"}],"predecessor-version":[{"id":3371,"href":"https:\/\/h2energy.ch\/fr\/wp-json\/wp\/v2\/pages\/1522\/revisions\/3371"}],"wp:featuredmedia":[{"embeddable":true,"href":"https:\/\/h2energy.ch\/fr\/wp-json\/wp\/v2\/media\/1293"}],"wp:attachment":[{"href":"https:\/\/h2energy.ch\/fr\/wp-json\/wp\/v2\/media?parent=1522"}],"curies":[{"name":"wp","href":"https:\/\/api.w.org\/{rel}","templated":true}]}}